{"id":1221,"date":"2026-02-20T11:02:41","date_gmt":"2026-02-20T10:02:41","guid":{"rendered":"https:\/\/www.taxi-santasusanna.com\/avis-legal\/"},"modified":"2026-02-23T13:43:44","modified_gmt":"2026-02-23T12:43:44","slug":"avis-legal","status":"publish","type":"page","link":"https:\/\/www.taxi-santasusanna.com\/ca\/avis-legal\/","title":{"rendered":"Av\u00eds legal"},"content":{"rendered":"<style>.elementor-1221 .elementor-element.elementor-element-3b70587{--display:flex;--flex-direction:row;--container-widget-width:calc( ( 1 - var( --container-widget-flex-grow ) ) * 100% );--container-widget-height:100%;--container-widget-flex-grow:1;--container-widget-align-self:stretch;--flex-wrap-mobile:wrap;--align-items:stretch;--gap:10px 10px;--row-gap:10px;--column-gap:10px;--padding-top:0em;--padding-bottom:0em;--padding-left:3em;--padding-right:3em;--z-index:0;}.elementor-1221 .elementor-element.elementor-element-a430e41{--display:flex;--min-height:350px;--flex-direction:column;--container-widget-width:calc( ( 1 - var( --container-widget-flex-grow ) ) * 100% );--container-widget-height:initial;--container-widget-flex-grow:0;--container-widget-align-self:initial;--flex-wrap-mobile:wrap;--justify-content:center;--align-items:center;--overlay-opacity:0.4;--border-radius:24px 24px 24px 24px;--padding-top:3em;--padding-bottom:3em;--padding-left:3em;--padding-right:3em;--z-index:0;}.elementor-1221 .elementor-element.elementor-element-a430e41:not(.elementor-motion-effects-element-type-background), .elementor-1221 .elementor-element.elementor-element-a430e41 > .elementor-motion-effects-container > .elementor-motion-effects-layer{background-color:var( --e-global-color-secondary );}.elementor-1221 .elementor-element.elementor-element-a430e41::before, .elementor-1221 .elementor-element.elementor-element-a430e41 > .elementor-background-video-container::before, .elementor-1221 .elementor-element.elementor-element-a430e41 > .e-con-inner > .elementor-background-video-container::before, .elementor-1221 .elementor-element.elementor-element-a430e41 > .elementor-background-slideshow::before, .elementor-1221 .elementor-element.elementor-element-a430e41 > .e-con-inner > .elementor-background-slideshow::before, .elementor-1221 .elementor-element.elementor-element-a430e41 > .elementor-motion-effects-container > .elementor-motion-effects-layer::before{--background-overlay:'';background-color:#000000;}.elementor-1221 .elementor-element.elementor-element-2adadc7{--display:flex;--justify-content:center;--align-items:center;--container-widget-width:calc( ( 1 - var( --container-widget-flex-grow ) ) * 100% );--gap:1em 1em;--row-gap:1em;--column-gap:1em;}.elementor-1221 .elementor-element.elementor-element-72f06cc{text-align:center;width:var( --container-widget-width, 800px );max-width:800px;--container-widget-width:800px;--container-widget-flex-grow:0;}.elementor-1221 .elementor-element.elementor-element-72f06cc .elementor-heading-title{font-family:var( --e-global-typography-c7f22b7-font-family ), Sans-serif;font-size:var( --e-global-typography-c7f22b7-font-size );font-weight:var( --e-global-typography-c7f22b7-font-weight );line-height:var( --e-global-typography-c7f22b7-line-height );letter-spacing:var( --e-global-typography-c7f22b7-letter-spacing );word-spacing:var( --e-global-typography-c7f22b7-word-spacing );}.elementor-1221 .elementor-element.elementor-element-72f06cc.elementor-widget-heading .elementor-heading-title, .elementor-1221 .elementor-element.elementor-element-72f06cc.elementor-widget-heading .elementor-heading-title.elementor-heading-title a{color:var( --e-global-color-bc4180d );}.elementor-1221 .elementor-element.elementor-element-d486dd0{--display:flex;--flex-direction:column;--container-widget-width:calc( ( 1 - var( --container-widget-flex-grow ) ) * 100% );--container-widget-height:initial;--container-widget-flex-grow:0;--container-widget-align-self:initial;--flex-wrap-mobile:wrap;--align-items:stretch;--gap:1em 1em;--row-gap:1em;--column-gap:1em;--padding-top:3em;--padding-bottom:3em;--padding-left:3em;--padding-right:3em;}.elementor-1221 .elementor-element.elementor-element-d2d18c6{--display:flex;}@media(max-width:1024px){.elementor-1221 .elementor-element.elementor-element-3b70587{--padding-top:0em;--padding-bottom:0em;--padding-left:2em;--padding-right:2em;}.elementor-1221 .elementor-element.elementor-element-a430e41{--min-height:280px;--border-radius:18px 18px 18px 18px;--padding-top:2em;--padding-bottom:2em;--padding-left:2em;--padding-right:2em;}.elementor-1221 .elementor-element.elementor-element-72f06cc .elementor-heading-title{font-size:var( --e-global-typography-c7f22b7-font-size );line-height:var( --e-global-typography-c7f22b7-line-height );letter-spacing:var( --e-global-typography-c7f22b7-letter-spacing );word-spacing:var( --e-global-typography-c7f22b7-word-spacing );}.elementor-1221 .elementor-element.elementor-element-d486dd0{--padding-top:2em;--padding-bottom:2em;--padding-left:2em;--padding-right:2em;}}@media(max-width:767px){.elementor-1221 .elementor-element.elementor-element-3b70587{--padding-top:0em;--padding-bottom:0em;--padding-left:1em;--padding-right:1em;}.elementor-1221 .elementor-element.elementor-element-a430e41{--min-height:250px;--padding-top:1em;--padding-bottom:1em;--padding-left:1em;--padding-right:1em;}.elementor-1221 .elementor-element.elementor-element-2adadc7{--justify-content:center;}.elementor-1221 .elementor-element.elementor-element-72f06cc .elementor-heading-title{font-size:var( --e-global-typography-c7f22b7-font-size );line-height:var( --e-global-typography-c7f22b7-line-height );letter-spacing:var( --e-global-typography-c7f22b7-letter-spacing );word-spacing:var( --e-global-typography-c7f22b7-word-spacing );}.elementor-1221 .elementor-element.elementor-element-d486dd0{--gap:2em 2em;--row-gap:2em;--column-gap:2em;--padding-top:2em;--padding-bottom:2em;--padding-left:1em;--padding-right:1em;}}@media(min-width:768px){.elementor-1221 .elementor-element.elementor-element-2adadc7{--width:60%;}.elementor-1221 .elementor-element.elementor-element-d486dd0{--content-width:1280px;}}@media(max-width:1024px) and (min-width:768px){.elementor-1221 .elementor-element.elementor-element-2adadc7{--width:100%;}.elementor-1221 .elementor-element.elementor-element-d2d18c6{--width:100%;}}\/* Start custom CSS for text-editor, class: .elementor-element-922153c *\/.elementor-1221 .elementor-element.elementor-element-922153c h2 {\n    font-size: 24px;\n    margin-top: 30px;\n}\/* End custom CSS *\/<\/style>\t\t<div data-elementor-type=\"wp-page\" data-elementor-id=\"1221\" class=\"elementor elementor-1221 elementor-903\" data-elementor-post-type=\"page\">\n\t\t\t\t<div class=\"elementor-element elementor-element-3b70587 e-con-full e-flex elementor-repeater-item-default_padding elementor-repeater-item-none elementor-repeater-item-none_hover e-con e-parent\" data-id=\"3b70587\" data-element_type=\"container\" data-e-type=\"container\" data-settings=\"{&quot;ang_container_spacing_size&quot;:&quot;default_padding&quot;}\">\n\t\t<div class=\"elementor-element elementor-element-a430e41 e-con-full e-flex elementor-repeater-item-default_padding sk-none elementor-repeater-item-none elementor-repeater-item-none_hover e-con e-child\" data-id=\"a430e41\" data-element_type=\"container\" data-e-type=\"container\" data-settings=\"{&quot;background_background&quot;:&quot;classic&quot;,&quot;ang_container_spacing_size&quot;:&quot;default_padding&quot;}\">\n\t\t<div class=\"elementor-element elementor-element-2adadc7 e-con-full e-flex elementor-repeater-item-default_padding elementor-repeater-item-none elementor-repeater-item-none_hover e-con e-child\" data-id=\"2adadc7\" data-element_type=\"container\" data-e-type=\"container\" data-settings=\"{&quot;ang_container_spacing_size&quot;:&quot;default_padding&quot;}\">\n\t\t\t\t<div class=\"elementor-element elementor-element-72f06cc elementor-widget__width-initial elementor-repeater-item-none elementor-repeater-item-none_hover elementor-widget elementor-widget-heading\" data-id=\"72f06cc\" data-element_type=\"widget\" data-e-type=\"widget\" data-widget_type=\"heading.default\">\n\t\t\t\t\t<h1 class=\"elementor-heading-title elementor-size-default\">Av\u00eds legal<\/h1>\t\t\t\t<\/div>\n\t\t\t\t<\/div>\n\t\t\t\t<\/div>\n\t\t\t\t<\/div>\n\t\t<div class=\"elementor-element elementor-element-d486dd0 e-flex e-con-boxed elementor-repeater-item-default_padding elementor-repeater-item-none elementor-repeater-item-none_hover e-con e-parent\" data-id=\"d486dd0\" data-element_type=\"container\" data-e-type=\"container\" data-settings=\"{&quot;ang_container_spacing_size&quot;:&quot;default_padding&quot;}\">\n\t\t\t\t\t<div class=\"e-con-inner\">\n\t\t<div class=\"elementor-element elementor-element-d2d18c6 e-con-full e-flex elementor-repeater-item-default_padding elementor-repeater-item-none elementor-repeater-item-none_hover e-con e-child\" data-id=\"d2d18c6\" data-element_type=\"container\" data-e-type=\"container\" data-settings=\"{&quot;ang_container_spacing_size&quot;:&quot;default_padding&quot;}\">\n\t\t\t\t<div class=\"elementor-element elementor-element-922153c elementor-repeater-item-none elementor-repeater-item-none_hover elementor-widget elementor-widget-text-editor\" data-id=\"922153c\" data-element_type=\"widget\" data-e-type=\"widget\" data-widget_type=\"text-editor.default\">\n\t\t\t\t\t\t\t\t\t<h2>1. Dades identificatives<\/h2><p>En compliment amb el deure d&#8217;informaci\u00f3 recollit a l&#8217;article 10 de la Llei 34\/2002, d&#8217;11 de juliol,<br>de Serveis de la Societat de la Informaci\u00f3 i de Comer\u00e7 Electr\u00f2nic (LSSI-CE), s&#8217;informa que el present<br>lloc web: <strong>https:\/\/www.taxi-santasusanna.com<\/strong> \u00e9s titularitat de:<\/p><p><strong>Jordi Mollfulleda Tresserras<\/strong><br><strong>NIF:<\/strong> 38836634F<br><strong>Adre\u00e7a:<\/strong> Carrer Aquari, 7 &#8211; Urb. Can Torrent, 08398 Santa Susanna (Barcelona), Espanya <br><strong>Tel\u00e8fon:<\/strong> + 34 618 55 48 21<br><strong>Email:<\/strong> <a href=\"mailto:info@taxi-santasusanna.com\">info@taxi-santasusanna.com<\/a><\/p><p>En endavant, el Titular.<\/p><h2>2. Objecte<\/h2><p>El present lloc web t\u00e9 com a finalitat oferir informaci\u00f3 sobre els serveis de taxi i transfers prestats<br>des de Santa Susanna cap a aeroports, estacions i altres destinacions, aix\u00ed com permetre la sol\u00b7licitud de reserves<br>amb antelaci\u00f3.<\/p><h2>3. Condicions d&#8217;\u00fas<\/h2><p>L&#8217;acc\u00e9s i \u00fas d&#8217;aquest lloc web atribueix la condici\u00f3 d&#8217;usuari i implica l&#8217;acceptaci\u00f3 plena i sense reserves<br>de les disposicions incloses en el present Av\u00eds Legal.<\/p><p>L&#8217;usuari es compromet a fer un \u00fas adequat dels continguts i serveis oferts a trav\u00e9s del web i a no emprar-los per:<\/p><ul><li>Realitzar activitats il\u00b7l\u00edcites o contr\u00e0ries a la bona fe i a l&#8217;ordre p\u00fablic.<\/li><li>Provocar danys en els sistemes f\u00edsics i l\u00f2gics del titular.<\/li><li>Intentar accedir i, si s&#8217; escau, utilitzar els comptes d&#8217; altres usuaris.<\/li><\/ul><h2>4. Responsabilitat<\/h2><p>El titular no es fa responsable dels danys i perjudicis que puguin derivar-se d&#8217; errors en els continguts,<br>falta de disponibilitat del lloc web o la transmissi\u00f3 de virus o programes maliciosos, tot i haver adoptat<br>totes les mesures tecnol\u00f2giques necess\u00e0ries per evitar-ho.<\/p><p>Aix\u00ed mateix, s&#8217;informa que els preus publicats al web poden ser orientatius i estar subjectes a possibles<br>variacions segons condicions del servei.<\/p><h2>5. Propietat intel\u00b7lectual i industrial<\/h2><p>Tots els continguts del lloc web (textos, imatges, logotips, disseny, estructura i codi font) s\u00f3n titularitat<br>propietari o compten amb llic\u00e8ncia d&#8217; \u00fas, i estan protegits per la normativa vigent en mat\u00e8ria de propietat<br>intel\u00b7lectual i industrial.<\/p><p>Queda prohibida la seva reproducci\u00f3, distribuci\u00f3 o comunicaci\u00f3 p\u00fablica sense l&#8217; autoritzaci\u00f3 expressa del titular.<\/p><h2>6. Enlla\u00e7os<\/h2><p>En cas que al web es disposin enlla\u00e7os cap a altres llocs d&#8217;Internet, el titular no exercir\u00e0 cap tipus<br>de control sobre aquests llocs i continguts, no assumint cap responsabilitat per ells.<\/p><h2>7. Legislaci\u00f3 aplicable i jurisdicci\u00f3<\/h2><p>La relaci\u00f3 entre el titular i l&#8217; usuari es regir\u00e0 per la normativa espanyola vigent. Per a la resoluci\u00f3 de qualsevol<br>conflicte que pogu\u00e9s derivar-se de l&#8217;acc\u00e9s o \u00fas del lloc web, les parts se sotmetran als jutjats i tribunals<br>que corresponguin conforme a dret. <\/p>\t\t\t\t\t\t\t\t<\/div>\n\t\t\t\t<\/div>\n\t\t\t\t\t<\/div>\n\t\t\t\t<\/div>\n\t\t\t\t<\/div>\n\t\t","protected":false},"excerpt":{"rendered":"<p>1. Dades identificatives En compliment amb el deure d&#8217;informaci\u00f3 recollit a l&#8217;article 10 de la Llei 34\/2002, d&#8217;11 de juliol,de Serveis de la Societat de la Informaci\u00f3 i de Comer\u00e7 Electr\u00f2nic (LSSI-CE), s&#8217;informa que el presentlloc web: https:\/\/www.taxi-santasusanna.com \u00e9s titularitat de: Jordi Mollfulleda TresserrasNIF: 38836634FAdre\u00e7a: Carrer Aquari, 7 &#8211; Urb. Can Torrent, 08398 Santa Susanna [&hellip;]<\/p>\n","protected":false},"author":1,"featured_media":0,"parent":0,"menu_order":0,"comment_status":"closed","ping_status":"closed","template":"","meta":{"footnotes":""},"class_list":["post-1221","page","type-page","status-publish","hentry"],"_links":{"self":[{"href":"https:\/\/www.taxi-santasusanna.com\/ca\/wp-json\/wp\/v2\/pages\/1221","targetHints":{"allow":["GET"]}}],"collection":[{"href":"https:\/\/www.taxi-santasusanna.com\/ca\/wp-json\/wp\/v2\/pages"}],"about":[{"href":"https:\/\/www.taxi-santasusanna.com\/ca\/wp-json\/wp\/v2\/types\/page"}],"author":[{"embeddable":true,"href":"https:\/\/www.taxi-santasusanna.com\/ca\/wp-json\/wp\/v2\/users\/1"}],"replies":[{"embeddable":true,"href":"https:\/\/www.taxi-santasusanna.com\/ca\/wp-json\/wp\/v2\/comments?post=1221"}],"version-history":[{"count":0,"href":"https:\/\/www.taxi-santasusanna.com\/ca\/wp-json\/wp\/v2\/pages\/1221\/revisions"}],"wp:attachment":[{"href":"https:\/\/www.taxi-santasusanna.com\/ca\/wp-json\/wp\/v2\/media?parent=1221"}],"curies":[{"name":"wp","href":"https:\/\/api.w.org\/{rel}","templated":true}]}}