{"id":1052,"date":"2026-02-20T11:31:06","date_gmt":"2026-02-20T10:31:06","guid":{"rendered":"https:\/\/www.taxi-santasusanna.com\/politique-en-matiere-de-cookies\/"},"modified":"2026-02-23T13:42:08","modified_gmt":"2026-02-23T12:42:08","slug":"politique-en-matiere-de-cookies","status":"publish","type":"page","link":"https:\/\/www.taxi-santasusanna.com\/fr\/politique-en-matiere-de-cookies\/","title":{"rendered":"Politique en mati\u00e8re de cookies"},"content":{"rendered":"<style>.elementor-1052 .elementor-element.elementor-element-e3fb8d7{--display:flex;--flex-direction:row;--container-widget-width:calc( ( 1 - var( --container-widget-flex-grow ) ) * 100% );--container-widget-height:100%;--container-widget-flex-grow:1;--container-widget-align-self:stretch;--flex-wrap-mobile:wrap;--align-items:stretch;--gap:10px 10px;--row-gap:10px;--column-gap:10px;--padding-top:0em;--padding-bottom:0em;--padding-left:3em;--padding-right:3em;--z-index:0;}.elementor-1052 .elementor-element.elementor-element-fc28535{--display:flex;--min-height:350px;--flex-direction:column;--container-widget-width:calc( ( 1 - var( --container-widget-flex-grow ) ) * 100% );--container-widget-height:initial;--container-widget-flex-grow:0;--container-widget-align-self:initial;--flex-wrap-mobile:wrap;--justify-content:center;--align-items:center;--overlay-opacity:0.4;--border-radius:24px 24px 24px 24px;--padding-top:3em;--padding-bottom:3em;--padding-left:3em;--padding-right:3em;--z-index:0;}.elementor-1052 .elementor-element.elementor-element-fc28535:not(.elementor-motion-effects-element-type-background), .elementor-1052 .elementor-element.elementor-element-fc28535 > .elementor-motion-effects-container > .elementor-motion-effects-layer{background-color:var( --e-global-color-secondary );}.elementor-1052 .elementor-element.elementor-element-fc28535::before, .elementor-1052 .elementor-element.elementor-element-fc28535 > .elementor-background-video-container::before, .elementor-1052 .elementor-element.elementor-element-fc28535 > .e-con-inner > .elementor-background-video-container::before, .elementor-1052 .elementor-element.elementor-element-fc28535 > .elementor-background-slideshow::before, .elementor-1052 .elementor-element.elementor-element-fc28535 > .e-con-inner > .elementor-background-slideshow::before, .elementor-1052 .elementor-element.elementor-element-fc28535 > .elementor-motion-effects-container > .elementor-motion-effects-layer::before{--background-overlay:'';background-color:#000000;}.elementor-1052 .elementor-element.elementor-element-b8f9573{--display:flex;--justify-content:center;--align-items:center;--container-widget-width:calc( ( 1 - var( --container-widget-flex-grow ) ) * 100% );--gap:1em 1em;--row-gap:1em;--column-gap:1em;}.elementor-1052 .elementor-element.elementor-element-fcf1218{text-align:center;width:var( --container-widget-width, 800px );max-width:800px;--container-widget-width:800px;--container-widget-flex-grow:0;}.elementor-1052 .elementor-element.elementor-element-fcf1218 .elementor-heading-title{font-family:var( --e-global-typography-c7f22b7-font-family ), Sans-serif;font-size:var( --e-global-typography-c7f22b7-font-size );font-weight:var( --e-global-typography-c7f22b7-font-weight );line-height:var( --e-global-typography-c7f22b7-line-height );letter-spacing:var( --e-global-typography-c7f22b7-letter-spacing );word-spacing:var( --e-global-typography-c7f22b7-word-spacing );}.elementor-1052 .elementor-element.elementor-element-fcf1218.elementor-widget-heading .elementor-heading-title, .elementor-1052 .elementor-element.elementor-element-fcf1218.elementor-widget-heading .elementor-heading-title.elementor-heading-title a{color:var( --e-global-color-bc4180d );}.elementor-1052 .elementor-element.elementor-element-c9c74c5{--display:flex;--flex-direction:column;--container-widget-width:calc( ( 1 - var( --container-widget-flex-grow ) ) * 100% );--container-widget-height:initial;--container-widget-flex-grow:0;--container-widget-align-self:initial;--flex-wrap-mobile:wrap;--align-items:stretch;--gap:1em 1em;--row-gap:1em;--column-gap:1em;--padding-top:3em;--padding-bottom:3em;--padding-left:3em;--padding-right:3em;}.elementor-1052 .elementor-element.elementor-element-45498ae{--display:flex;}@media(max-width:1024px){.elementor-1052 .elementor-element.elementor-element-e3fb8d7{--padding-top:0em;--padding-bottom:0em;--padding-left:2em;--padding-right:2em;}.elementor-1052 .elementor-element.elementor-element-fc28535{--min-height:280px;--border-radius:18px 18px 18px 18px;--padding-top:2em;--padding-bottom:2em;--padding-left:2em;--padding-right:2em;}.elementor-1052 .elementor-element.elementor-element-fcf1218 .elementor-heading-title{font-size:var( --e-global-typography-c7f22b7-font-size );line-height:var( --e-global-typography-c7f22b7-line-height );letter-spacing:var( --e-global-typography-c7f22b7-letter-spacing );word-spacing:var( --e-global-typography-c7f22b7-word-spacing );}.elementor-1052 .elementor-element.elementor-element-c9c74c5{--padding-top:2em;--padding-bottom:2em;--padding-left:2em;--padding-right:2em;}}@media(max-width:767px){.elementor-1052 .elementor-element.elementor-element-e3fb8d7{--padding-top:0em;--padding-bottom:0em;--padding-left:1em;--padding-right:1em;}.elementor-1052 .elementor-element.elementor-element-fc28535{--min-height:250px;--padding-top:1em;--padding-bottom:1em;--padding-left:1em;--padding-right:1em;}.elementor-1052 .elementor-element.elementor-element-b8f9573{--justify-content:center;}.elementor-1052 .elementor-element.elementor-element-fcf1218 .elementor-heading-title{font-size:var( --e-global-typography-c7f22b7-font-size );line-height:var( --e-global-typography-c7f22b7-line-height );letter-spacing:var( --e-global-typography-c7f22b7-letter-spacing );word-spacing:var( --e-global-typography-c7f22b7-word-spacing );}.elementor-1052 .elementor-element.elementor-element-c9c74c5{--gap:2em 2em;--row-gap:2em;--column-gap:2em;--padding-top:2em;--padding-bottom:2em;--padding-left:1em;--padding-right:1em;}}@media(min-width:768px){.elementor-1052 .elementor-element.elementor-element-b8f9573{--width:60%;}.elementor-1052 .elementor-element.elementor-element-c9c74c5{--content-width:1280px;}}@media(max-width:1024px) and (min-width:768px){.elementor-1052 .elementor-element.elementor-element-b8f9573{--width:100%;}.elementor-1052 .elementor-element.elementor-element-45498ae{--width:100%;}}\/* Start custom CSS for text-editor, class: .elementor-element-125529e *\/.elementor-1052 .elementor-element.elementor-element-125529e h2 {\n    font-size: 24px;\n    margin-top: 30px;\n}\n.elementor-1052 .elementor-element.elementor-element-125529e h3 {\n    font-size: 18px;\n    margin-top: 22px;\n}\/* End custom CSS *\/<\/style>\t\t<div data-elementor-type=\"wp-page\" data-elementor-id=\"1052\" class=\"elementor elementor-1052 elementor-943\" data-elementor-post-type=\"page\">\n\t\t\t\t<div class=\"elementor-element elementor-element-e3fb8d7 e-con-full e-flex elementor-repeater-item-default_padding elementor-repeater-item-none elementor-repeater-item-none_hover e-con e-parent\" data-id=\"e3fb8d7\" data-element_type=\"container\" data-e-type=\"container\" data-settings=\"{&quot;ang_container_spacing_size&quot;:&quot;default_padding&quot;}\">\n\t\t<div class=\"elementor-element elementor-element-fc28535 e-con-full e-flex elementor-repeater-item-default_padding sk-none elementor-repeater-item-none elementor-repeater-item-none_hover e-con e-child\" data-id=\"fc28535\" data-element_type=\"container\" data-e-type=\"container\" data-settings=\"{&quot;background_background&quot;:&quot;classic&quot;,&quot;ang_container_spacing_size&quot;:&quot;default_padding&quot;}\">\n\t\t<div class=\"elementor-element elementor-element-b8f9573 e-con-full e-flex elementor-repeater-item-default_padding elementor-repeater-item-none elementor-repeater-item-none_hover e-con e-child\" data-id=\"b8f9573\" data-element_type=\"container\" data-e-type=\"container\" data-settings=\"{&quot;ang_container_spacing_size&quot;:&quot;default_padding&quot;}\">\n\t\t\t\t<div class=\"elementor-element elementor-element-fcf1218 elementor-widget__width-initial elementor-repeater-item-none elementor-repeater-item-none_hover elementor-widget elementor-widget-heading\" data-id=\"fcf1218\" data-element_type=\"widget\" data-e-type=\"widget\" data-widget_type=\"heading.default\">\n\t\t\t\t\t<h1 class=\"elementor-heading-title elementor-size-default\">Politique en mati\u00e8re de cookies<\/h1>\t\t\t\t<\/div>\n\t\t\t\t<\/div>\n\t\t\t\t<\/div>\n\t\t\t\t<\/div>\n\t\t<div class=\"elementor-element elementor-element-c9c74c5 e-flex e-con-boxed elementor-repeater-item-default_padding elementor-repeater-item-none elementor-repeater-item-none_hover e-con e-parent\" data-id=\"c9c74c5\" data-element_type=\"container\" data-e-type=\"container\" data-settings=\"{&quot;ang_container_spacing_size&quot;:&quot;default_padding&quot;}\">\n\t\t\t\t\t<div class=\"e-con-inner\">\n\t\t<div class=\"elementor-element elementor-element-45498ae e-con-full e-flex elementor-repeater-item-default_padding elementor-repeater-item-none elementor-repeater-item-none_hover e-con e-child\" data-id=\"45498ae\" data-element_type=\"container\" data-e-type=\"container\" data-settings=\"{&quot;ang_container_spacing_size&quot;:&quot;default_padding&quot;}\">\n\t\t\t\t<div class=\"elementor-element elementor-element-125529e elementor-repeater-item-none elementor-repeater-item-none_hover elementor-widget elementor-widget-text-editor\" data-id=\"125529e\" data-element_type=\"widget\" data-e-type=\"widget\" data-widget_type=\"text-editor.default\">\n\t\t\t\t\t\t\t\t\t<p>Sur <strong>https:\/\/www.taxi-santasusanna.com<\/strong>, nous utilisons des cookies et des technologies similaires pour assurer le bon fonctionnement du site web,<br>am\u00e9liorer l&rsquo;exp\u00e9rience de l&rsquo;utilisateur et obtenir des statistiques d&rsquo;utilisation. Nous expliquons ci-dessous ce que sont les cookies, quels types nous utilisons et comment vous pouvez<br>les configurer ou les d\u00e9sactiver. <\/p><h2>1) Qu&rsquo;est-ce qu&rsquo;un cookie ?<\/h2><p>Les cookies sont de petits fichiers qui sont t\u00e9l\u00e9charg\u00e9s sur votre appareil lorsque vous acc\u00e9dez \u00e0 certains sites web. Ils permettent, entre autres, \u00e0<br>de stocker et de r\u00e9cup\u00e9rer des informations sur les habitudes de navigation ou sur votre appareil et, en fonction des informations qu&rsquo;ils contiennent et de la fa\u00e7on dont<br>vous utilisez votre appareil, ils peuvent \u00eatre utilis\u00e9s pour vous reconna\u00eetre. <\/p><h2>2. les types de cookies utilis\u00e9s<\/h2><p>Ce site web peut utiliser les cat\u00e9gories de cookies suivantes :<\/p><ul><li><strong>Cookies techniques ou n\u00e9cessaires : ils<\/strong> permettent la navigation et l&rsquo;utilisation des diff\u00e9rentes options ou services du site web (par exemple, s\u00e9curit\u00e9, langue, session, etc.).<\/li><li><strong>Cookies de pr\u00e9f\u00e9rence ou de personnalisation : ils<\/strong> permettent de m\u00e9moriser des informations afin que vous puissiez acc\u00e9der au service avec certaines caract\u00e9ristiques (par exemple, la langue).<\/li><li><strong>Cookies d&rsquo;analyse ou de mesure : ils<\/strong> nous permettent de quantifier le nombre d&rsquo;utilisateurs et d&rsquo;effectuer des mesures statistiques et des analyses de l&rsquo;utilisation faite par les utilisateurs du site web (par exemple, Google Analytics).<\/li><li><strong>Cookies de tiers :<\/strong> il s&rsquo;agit de cookies g\u00e9r\u00e9s par des fournisseurs externes (par exemple Google) et qui peuvent impliquer des transferts internationaux de donn\u00e9es.<\/li><\/ul><h2>3. quels sont les cookies utilis\u00e9s sur ce site web ?<\/h2><p>Vous trouverez ci-dessous une liste indicative des cookies qui peuvent \u00eatre install\u00e9s en fonction de la configuration du site et des services activ\u00e9s.<br>Veuillez noter que les noms et les dur\u00e9es peuvent varier dans le temps en raison des mises \u00e0 jour de WordPress, des plugins ou des services externes.<\/p><h3>3.1. Cookies techniques et de personnalisation (obligatoires)<\/h3><table border=\"1\" cellspacing=\"0\" cellpadding=\"8\"><thead><tr><th>Cookie<\/th><th>Fournisseur<\/th><th>Objectif<\/th><th>Type de cookie<\/th><th>Dur\u00e9e du cookie<\/th><\/tr><\/thead><tbody><tr><td>wordpress_test_cookie<\/td><td>WordPress<\/td><td>V\u00e9rifie si le navigateur accepte les cookies.<\/td><td>Requis<\/td><td>Session<\/td><\/tr><tr><td>wordpress_logged_in_*<\/td><td>WordPress<\/td><td>Permet aux utilisateurs connect\u00e9s de rester connect\u00e9s (zone d&rsquo;administration).<\/td><td>N\u00e9cessaire<\/td><td>Session<\/td><\/tr><tr><td>wp-settings-*, wp-settings-time-*, wp-settings-*, wp-settings-time-*<\/td><td>WordPress<\/td><td>Sauvegarde les pr\u00e9f\u00e9rences de l&rsquo;utilisateur (utilisateurs connect\u00e9s).<\/td><td>Pr\u00e9f\u00e9rences<\/td><td>Persistant (variable)<\/td><\/tr><tr><td>wp-wpml_current_language<\/td><td>WPML<\/td><td>Se souvient de la langue s\u00e9lectionn\u00e9e par l&rsquo;utilisateur.<\/td><td>Pr\u00e9f\u00e9rences<\/td><td>Session \/ Persistant (selon la configuration)<\/td><\/tr><\/tbody><\/table><h3>3.2. Cookies d&rsquo;analyse (Google Analytics)<\/h3><p>Ce site utilise <strong>Google Analytics<\/strong> pour obtenir des statistiques de navigation (par exemple, les pages visit\u00e9es, la dur\u00e9e de la visite, l&rsquo;origine du trafic sur<br>, etc.) ). Les informations sont trait\u00e9es sous forme agr\u00e9g\u00e9e afin d&rsquo;am\u00e9liorer le site web et nos services.<\/p><table border=\"1\" cellspacing=\"0\" cellpadding=\"8\"><thead><tr><th>Cookie<\/th><th>Fournisseur<\/th><th>Objectif<\/th><th>Type de cookie<\/th><th>Dur\u00e9e du cookie<\/th><\/tr><\/thead><tbody><tr><td>_ga<\/td><td>Google Analytics<\/td><td>Distingue les utilisateurs (identifiant anonyme).<\/td><td>Analytique<\/td><td>Jusqu&rsquo;\u00e0 2 ans<\/td><\/tr><tr><td>_ga_*<\/td><td>Google Analytics<\/td><td>Conserve l&rsquo;\u00e9tat de la session et les statistiques associ\u00e9es.<\/td><td>Analytique<\/td><td>Jusqu&rsquo;\u00e0 2 ans<\/td><\/tr><tr><td>_gid<\/td><td>Google Analytics<\/td><td>Distingue les utilisateurs (identifiant anonyme).<\/td><td>Analyse<\/td><td>24 heures<\/td><\/tr><\/tbody><\/table><h3>3.3. Cookies de formulaires (Formidable Forms)<\/h3><p>Les formulaires de contact et de r\u00e9servation sont g\u00e9r\u00e9s par <strong>Formidable Forms<\/strong>. En fonction de vos param\u00e8tres,<br>peut utiliser des cookies techniques pour am\u00e9liorer l&rsquo;exp\u00e9rience (par exemple, \u00e9viter la duplication, conserver des donn\u00e9es pendant la session ou des mesures anti-spam). <\/p><table border=\"1\" cellspacing=\"0\" cellpadding=\"8\"><thead><tr><th>Cookie<\/th><th>Fournisseur<\/th><th>Objectif<\/th><th>Type de cookie<\/th><th>Dur\u00e9e du cookie<\/th><\/tr><\/thead><tbody><tr><td>(Variable selon la configuration)<\/td><td>Formidable Forms<\/td><td>Support des formulaires (session\/s\u00e9curit\u00e9\/anti-spam) si applicable.<\/td><td>N\u00e9cessaire<\/td><td>Session \/ Persistant (variable)<\/td><\/tr><\/tbody><\/table><h3>3.4. Cookies li\u00e9s au r\u00e9f\u00e9rencement (Rank Math)<\/h3><p><strong>Rank Math SEO<\/strong> ne n\u00e9cessite g\u00e9n\u00e9ralement pas de cookies pour les utilisateurs visiteurs. Dans certains cas, il peut utiliser des cookies ou le stockage local<br>principalement dans l&rsquo;environnement d&rsquo;administration (utilisateurs connect\u00e9s). Ils ne sont pas utilis\u00e9s \u00e0 des fins publicitaires pour les visiteurs.  <\/p><h3>3.5. Cookies de maintenance et de gestion (ManageWP)<\/h3><p><strong>ManageWP<\/strong> est utilis\u00e9 pour les t\u00e2ches de maintenance et de gestion du site. Il fonctionne normalement \u00e0 un niveau technique\/administratif<br>et n&rsquo;a pas d&rsquo;impact sur les cookies pour les utilisateurs visiteurs, \u00e0 l&rsquo;exception de param\u00e8tres sp\u00e9cifiques. <\/p><h2>4. qui utilise les informations relatives aux cookies ?<\/h2><p>Les informations obtenues par le biais des cookies peuvent \u00eatre trait\u00e9es par le propri\u00e9taire du site et, dans le cas de cookies de tiers,<br>par les fournisseurs concern\u00e9s (par exemple Google).<\/p><h2>5. Transferts internationaux<\/h2><p>Les cookies tiers (tels que Google Analytics) peuvent impliquer des transferts internationaux de donn\u00e9es en dehors de l&rsquo;Espace \u00e9conomique europ\u00e9en.<br>Dans ces cas, le fournisseur applique des garanties appropri\u00e9es conform\u00e9ment au r\u00e8glement (UE) 2016\/679 (GDPR).<\/p><h2>6. Gestion et configuration des cookies<\/h2><p>Vous pouvez accepter, refuser ou configurer l&rsquo;utilisation des cookies par le biais du panneau de configuration des cookies disponible sur le site web.<br>Vous pouvez \u00e9galement autoriser, bloquer ou supprimer les cookies install\u00e9s sur votre appareil en configurant les options de votre navigateur.<\/p><p>Liens vers la gestion des cookies en fonction du navigateur (peut varier) :<\/p><ul><li>Google Chrome : param\u00e8tres des cookies dans \u00ab\u00a0Confidentialit\u00e9 et s\u00e9curit\u00e9\u00a0\u00bb.<\/li><li>Mozilla Firefox : param\u00e8tres des cookies dans \u00ab\u00a0Vie priv\u00e9e et s\u00e9curit\u00e9\u00a0\u00bb.<\/li><li>Safari : param\u00e8tres sous \u00ab\u00a0Vie priv\u00e9e\u00a0\u00bb.<\/li><li>Microsoft Edge : param\u00e8tres sous \u00ab\u00a0Cookies et autorisations de site\u00a0\u00bb.<\/li><\/ul><p>Si vous d\u00e9sactivez certains cookies, il se peut que certaines fonctionnalit\u00e9s du site web ne soient pas disponibles ou ne fonctionnent pas correctement.<\/p><h2>7. Mise \u00e0 jour de la politique en mati\u00e8re de cookies<\/h2><p>La pr\u00e9sente politique en mati\u00e8re de cookies peut \u00eatre mise \u00e0 jour pour s&rsquo;adapter \u00e0 des changements juridiques ou techniques, ou \u00e0 des modifications des services et des plugins utilis\u00e9s.<br>Nous vous recommandons de la consulter r\u00e9guli\u00e8rement.<\/p>\t\t\t\t\t\t\t\t<\/div>\n\t\t\t\t<\/div>\n\t\t\t\t\t<\/div>\n\t\t\t\t<\/div>\n\t\t\t\t<\/div>\n\t\t","protected":false},"excerpt":{"rendered":"<p>Sur https:\/\/www.taxi-santasusanna.com, nous utilisons des cookies et des technologies similaires pour assurer le bon fonctionnement du site web,am\u00e9liorer l&rsquo;exp\u00e9rience de l&rsquo;utilisateur et obtenir des statistiques d&rsquo;utilisation. Nous expliquons ci-dessous ce que sont les cookies, quels types nous utilisons et comment vous pouvezles configurer ou les d\u00e9sactiver. 1) Qu&rsquo;est-ce qu&rsquo;un cookie ? Les cookies sont de [&hellip;]<\/p>\n","protected":false},"author":1,"featured_media":0,"parent":0,"menu_order":0,"comment_status":"closed","ping_status":"closed","template":"","meta":{"footnotes":""},"class_list":["post-1052","page","type-page","status-publish","hentry"],"_links":{"self":[{"href":"https:\/\/www.taxi-santasusanna.com\/fr\/wp-json\/wp\/v2\/pages\/1052","targetHints":{"allow":["GET"]}}],"collection":[{"href":"https:\/\/www.taxi-santasusanna.com\/fr\/wp-json\/wp\/v2\/pages"}],"about":[{"href":"https:\/\/www.taxi-santasusanna.com\/fr\/wp-json\/wp\/v2\/types\/page"}],"author":[{"embeddable":true,"href":"https:\/\/www.taxi-santasusanna.com\/fr\/wp-json\/wp\/v2\/users\/1"}],"replies":[{"embeddable":true,"href":"https:\/\/www.taxi-santasusanna.com\/fr\/wp-json\/wp\/v2\/comments?post=1052"}],"version-history":[{"count":0,"href":"https:\/\/www.taxi-santasusanna.com\/fr\/wp-json\/wp\/v2\/pages\/1052\/revisions"}],"wp:attachment":[{"href":"https:\/\/www.taxi-santasusanna.com\/fr\/wp-json\/wp\/v2\/media?parent=1052"}],"curies":[{"name":"wp","href":"https:\/\/api.w.org\/{rel}","templated":true}]}}