{"id":1155,"date":"2026-02-20T11:02:41","date_gmt":"2026-02-20T10:02:41","guid":{"rendered":"https:\/\/www.taxi-santasusanna.com\/mentions-legales\/"},"modified":"2026-02-23T13:42:56","modified_gmt":"2026-02-23T12:42:56","slug":"mentions-legales","status":"publish","type":"page","link":"https:\/\/www.taxi-santasusanna.com\/fr\/mentions-legales\/","title":{"rendered":"Mentions l\u00e9gales"},"content":{"rendered":"<style>.elementor-1155 .elementor-element.elementor-element-3b70587{--display:flex;--flex-direction:row;--container-widget-width:calc( ( 1 - var( --container-widget-flex-grow ) ) * 100% );--container-widget-height:100%;--container-widget-flex-grow:1;--container-widget-align-self:stretch;--flex-wrap-mobile:wrap;--align-items:stretch;--gap:10px 10px;--row-gap:10px;--column-gap:10px;--padding-top:0em;--padding-bottom:0em;--padding-left:3em;--padding-right:3em;--z-index:0;}.elementor-1155 .elementor-element.elementor-element-a430e41{--display:flex;--min-height:350px;--flex-direction:column;--container-widget-width:calc( ( 1 - var( --container-widget-flex-grow ) ) * 100% );--container-widget-height:initial;--container-widget-flex-grow:0;--container-widget-align-self:initial;--flex-wrap-mobile:wrap;--justify-content:center;--align-items:center;--overlay-opacity:0.4;--border-radius:24px 24px 24px 24px;--padding-top:3em;--padding-bottom:3em;--padding-left:3em;--padding-right:3em;--z-index:0;}.elementor-1155 .elementor-element.elementor-element-a430e41:not(.elementor-motion-effects-element-type-background), .elementor-1155 .elementor-element.elementor-element-a430e41 > .elementor-motion-effects-container > .elementor-motion-effects-layer{background-color:var( --e-global-color-secondary );}.elementor-1155 .elementor-element.elementor-element-a430e41::before, .elementor-1155 .elementor-element.elementor-element-a430e41 > .elementor-background-video-container::before, .elementor-1155 .elementor-element.elementor-element-a430e41 > .e-con-inner > .elementor-background-video-container::before, .elementor-1155 .elementor-element.elementor-element-a430e41 > .elementor-background-slideshow::before, .elementor-1155 .elementor-element.elementor-element-a430e41 > .e-con-inner > .elementor-background-slideshow::before, .elementor-1155 .elementor-element.elementor-element-a430e41 > .elementor-motion-effects-container > .elementor-motion-effects-layer::before{--background-overlay:'';background-color:#000000;}.elementor-1155 .elementor-element.elementor-element-2adadc7{--display:flex;--justify-content:center;--align-items:center;--container-widget-width:calc( ( 1 - var( --container-widget-flex-grow ) ) * 100% );--gap:1em 1em;--row-gap:1em;--column-gap:1em;}.elementor-1155 .elementor-element.elementor-element-72f06cc{text-align:center;width:var( --container-widget-width, 800px );max-width:800px;--container-widget-width:800px;--container-widget-flex-grow:0;}.elementor-1155 .elementor-element.elementor-element-72f06cc .elementor-heading-title{font-family:var( --e-global-typography-c7f22b7-font-family ), Sans-serif;font-size:var( --e-global-typography-c7f22b7-font-size );font-weight:var( --e-global-typography-c7f22b7-font-weight );line-height:var( --e-global-typography-c7f22b7-line-height );letter-spacing:var( --e-global-typography-c7f22b7-letter-spacing );word-spacing:var( --e-global-typography-c7f22b7-word-spacing );}.elementor-1155 .elementor-element.elementor-element-72f06cc.elementor-widget-heading .elementor-heading-title, .elementor-1155 .elementor-element.elementor-element-72f06cc.elementor-widget-heading .elementor-heading-title.elementor-heading-title a{color:var( --e-global-color-bc4180d );}.elementor-1155 .elementor-element.elementor-element-d486dd0{--display:flex;--flex-direction:column;--container-widget-width:calc( ( 1 - var( --container-widget-flex-grow ) ) * 100% );--container-widget-height:initial;--container-widget-flex-grow:0;--container-widget-align-self:initial;--flex-wrap-mobile:wrap;--align-items:stretch;--gap:1em 1em;--row-gap:1em;--column-gap:1em;--padding-top:3em;--padding-bottom:3em;--padding-left:3em;--padding-right:3em;}.elementor-1155 .elementor-element.elementor-element-d2d18c6{--display:flex;}@media(max-width:1024px){.elementor-1155 .elementor-element.elementor-element-3b70587{--padding-top:0em;--padding-bottom:0em;--padding-left:2em;--padding-right:2em;}.elementor-1155 .elementor-element.elementor-element-a430e41{--min-height:280px;--border-radius:18px 18px 18px 18px;--padding-top:2em;--padding-bottom:2em;--padding-left:2em;--padding-right:2em;}.elementor-1155 .elementor-element.elementor-element-72f06cc .elementor-heading-title{font-size:var( --e-global-typography-c7f22b7-font-size );line-height:var( --e-global-typography-c7f22b7-line-height );letter-spacing:var( --e-global-typography-c7f22b7-letter-spacing );word-spacing:var( --e-global-typography-c7f22b7-word-spacing );}.elementor-1155 .elementor-element.elementor-element-d486dd0{--padding-top:2em;--padding-bottom:2em;--padding-left:2em;--padding-right:2em;}}@media(max-width:767px){.elementor-1155 .elementor-element.elementor-element-3b70587{--padding-top:0em;--padding-bottom:0em;--padding-left:1em;--padding-right:1em;}.elementor-1155 .elementor-element.elementor-element-a430e41{--min-height:250px;--padding-top:1em;--padding-bottom:1em;--padding-left:1em;--padding-right:1em;}.elementor-1155 .elementor-element.elementor-element-2adadc7{--justify-content:center;}.elementor-1155 .elementor-element.elementor-element-72f06cc .elementor-heading-title{font-size:var( --e-global-typography-c7f22b7-font-size );line-height:var( --e-global-typography-c7f22b7-line-height );letter-spacing:var( --e-global-typography-c7f22b7-letter-spacing );word-spacing:var( --e-global-typography-c7f22b7-word-spacing );}.elementor-1155 .elementor-element.elementor-element-d486dd0{--gap:2em 2em;--row-gap:2em;--column-gap:2em;--padding-top:2em;--padding-bottom:2em;--padding-left:1em;--padding-right:1em;}}@media(min-width:768px){.elementor-1155 .elementor-element.elementor-element-2adadc7{--width:60%;}.elementor-1155 .elementor-element.elementor-element-d486dd0{--content-width:1280px;}}@media(max-width:1024px) and (min-width:768px){.elementor-1155 .elementor-element.elementor-element-2adadc7{--width:100%;}.elementor-1155 .elementor-element.elementor-element-d2d18c6{--width:100%;}}\/* Start custom CSS for text-editor, class: .elementor-element-922153c *\/.elementor-1155 .elementor-element.elementor-element-922153c h2 {\n    font-size: 24px;\n    margin-top: 30px;\n}\/* End custom CSS *\/<\/style>\t\t<div data-elementor-type=\"wp-page\" data-elementor-id=\"1155\" class=\"elementor elementor-1155 elementor-903\" data-elementor-post-type=\"page\">\n\t\t\t\t<div class=\"elementor-element elementor-element-3b70587 e-con-full e-flex elementor-repeater-item-default_padding elementor-repeater-item-none elementor-repeater-item-none_hover e-con e-parent\" data-id=\"3b70587\" data-element_type=\"container\" data-e-type=\"container\" data-settings=\"{&quot;ang_container_spacing_size&quot;:&quot;default_padding&quot;}\">\n\t\t<div class=\"elementor-element elementor-element-a430e41 e-con-full e-flex elementor-repeater-item-default_padding sk-none elementor-repeater-item-none elementor-repeater-item-none_hover e-con e-child\" data-id=\"a430e41\" data-element_type=\"container\" data-e-type=\"container\" data-settings=\"{&quot;background_background&quot;:&quot;classic&quot;,&quot;ang_container_spacing_size&quot;:&quot;default_padding&quot;}\">\n\t\t<div class=\"elementor-element elementor-element-2adadc7 e-con-full e-flex elementor-repeater-item-default_padding elementor-repeater-item-none elementor-repeater-item-none_hover e-con e-child\" data-id=\"2adadc7\" data-element_type=\"container\" data-e-type=\"container\" data-settings=\"{&quot;ang_container_spacing_size&quot;:&quot;default_padding&quot;}\">\n\t\t\t\t<div class=\"elementor-element elementor-element-72f06cc elementor-widget__width-initial elementor-repeater-item-none elementor-repeater-item-none_hover elementor-widget elementor-widget-heading\" data-id=\"72f06cc\" data-element_type=\"widget\" data-e-type=\"widget\" data-widget_type=\"heading.default\">\n\t\t\t\t\t<h1 class=\"elementor-heading-title elementor-size-default\">Mentions l\u00e9gales<\/h1>\t\t\t\t<\/div>\n\t\t\t\t<\/div>\n\t\t\t\t<\/div>\n\t\t\t\t<\/div>\n\t\t<div class=\"elementor-element elementor-element-d486dd0 e-flex e-con-boxed elementor-repeater-item-default_padding elementor-repeater-item-none elementor-repeater-item-none_hover e-con e-parent\" data-id=\"d486dd0\" data-element_type=\"container\" data-e-type=\"container\" data-settings=\"{&quot;ang_container_spacing_size&quot;:&quot;default_padding&quot;}\">\n\t\t\t\t\t<div class=\"e-con-inner\">\n\t\t<div class=\"elementor-element elementor-element-d2d18c6 e-con-full e-flex elementor-repeater-item-default_padding elementor-repeater-item-none elementor-repeater-item-none_hover e-con e-child\" data-id=\"d2d18c6\" data-element_type=\"container\" data-e-type=\"container\" data-settings=\"{&quot;ang_container_spacing_size&quot;:&quot;default_padding&quot;}\">\n\t\t\t\t<div class=\"elementor-element elementor-element-922153c elementor-repeater-item-none elementor-repeater-item-none_hover elementor-widget elementor-widget-text-editor\" data-id=\"922153c\" data-element_type=\"widget\" data-e-type=\"widget\" data-widget_type=\"text-editor.default\">\n\t\t\t\t\t\t\t\t\t<h2>1. les donn\u00e9es d&rsquo;identification<\/h2><p>Conform\u00e9ment \u00e0 l&rsquo;obligation d&rsquo;information pr\u00e9vue par l&rsquo;article 10 de la loi 34\/2002, du 11 juillet,<br>sur les services de la soci\u00e9t\u00e9 de l&rsquo;information et le commerce \u00e9lectronique (LSSI-CE), nous vous informons que le site web<br><strong>: https:\/\/www.taxi-santasusanna.com<\/strong> est la propri\u00e9t\u00e9 de :<\/p><p><strong>Jordi Mollfulleda Tresserras<\/strong><br><strong>NUM\u00c9RO DE TVA :<\/strong> 38836634F<br><strong>Adresse :<\/strong> Carrer Aquari, 7 &#8211; Urb. Can Torrent, 08398 Santa Susanna (Barcelona), Espagne <br><strong>T\u00e9l\u00e9phone :<\/strong> +34 618 55 48 21<br><strong>Courriel :<\/strong> <a href=\"mailto:info@taxi-santasusanna.com\">info@taxi-santasusanna.com<\/a><\/p><p>Ci-apr\u00e8s d\u00e9nomm\u00e9 \u00ab\u00a0le d\u00e9clarant\u00a0\u00bb.<\/p><h2>2. L&rsquo;objet<\/h2><p>Le but de ce site est de fournir des informations sur les services de taxi et de transfert fournis<br>de Santa Susanna vers les a\u00e9roports, les gares et d&rsquo;autres destinations, ainsi que de vous permettre de demander des r\u00e9servations<br>\u00e0 l&rsquo;avance.<\/p><h2>3. Conditions d&rsquo;utilisation<\/h2><p>L&rsquo;acc\u00e8s et l&rsquo;utilisation de ce site web conf\u00e8rent la qualit\u00e9 d&rsquo;utilisateur et impliquent l&rsquo;acceptation totale et sans r\u00e9serve<br>des dispositions incluses dans le pr\u00e9sent avis juridique.<\/p><p>L&rsquo;utilisateur s&rsquo;engage \u00e0 faire un usage appropri\u00e9 des contenus et des services offerts par le biais du site web et \u00e0 ne pas les utiliser pour :<\/p><ul><li>Se livrer \u00e0 des activit\u00e9s ill\u00e9gales ou contraires \u00e0 la bonne foi et \u00e0 l&rsquo;ordre public.<\/li><li>endommager les syst\u00e8mes physiques et logiques du d\u00e9tenteur.<\/li><li>Tenter d&rsquo;acc\u00e9der aux comptes d&rsquo;autres utilisateurs et, le cas \u00e9ch\u00e9ant, de les utiliser.<\/li><\/ul><h2>4. La responsabilit\u00e9<\/h2><p>Le titulaire d\u00e9cline toute responsabilit\u00e9 pour les dommages pouvant r\u00e9sulter d&rsquo;erreurs dans les contenus, de l&rsquo;absence de disponibilit\u00e9 du site<br>ou de la transmission de virus ou de logiciels malveillants, bien qu&rsquo;il ait adopt\u00e9<br>toutes les mesures technologiques n\u00e9cessaires pour l&rsquo;\u00e9viter.<\/p><p>Nous vous informons \u00e9galement que les prix publi\u00e9s sur le site web peuvent \u00eatre indicatifs et sujets \u00e0 d&rsquo;\u00e9ventuelles variations<br>en fonction des conditions du service.<\/p><h2>5. Propri\u00e9t\u00e9 intellectuelle et industrielle<\/h2><p>Tous les contenus du site web (textes, images, logos, conception, structure et code source) sont la propri\u00e9t\u00e9 du titulaire<br>ou font l&rsquo;objet d&rsquo;une licence d&rsquo;utilisation, et sont prot\u00e9g\u00e9s par la l\u00e9gislation en vigueur en mati\u00e8re de propri\u00e9t\u00e9 intellectuelle et industrielle<br>.<\/p><p>La reproduction, la distribution ou la communication publique sans l&rsquo;autorisation expresse du propri\u00e9taire est interdite.<\/p><h2>6. Liens<\/h2><p>Dans le cas o\u00f9 le site web contiendrait des liens vers d&rsquo;autres sites Internet, le propri\u00e9taire n&rsquo;exercera aucun type<br>de contr\u00f4le sur ces sites et leur contenu, et n&rsquo;assumera aucune responsabilit\u00e9 \u00e0 leur \u00e9gard.<\/p><h2>7. Droit applicable et juridiction<\/h2><p>La relation entre le propri\u00e9taire et l&rsquo;utilisateur est r\u00e9gie par la l\u00e9gislation espagnole en vigueur. Pour la r\u00e9solution de tout conflit<br>pouvant d\u00e9couler de l&rsquo;acc\u00e8s ou de l&rsquo;utilisation du site web, les parties se soumettront aux cours et tribunaux<br>qui correspondent selon la loi. <\/p>\t\t\t\t\t\t\t\t<\/div>\n\t\t\t\t<\/div>\n\t\t\t\t\t<\/div>\n\t\t\t\t<\/div>\n\t\t\t\t<\/div>\n\t\t","protected":false},"excerpt":{"rendered":"<p>1. les donn\u00e9es d&rsquo;identification Conform\u00e9ment \u00e0 l&rsquo;obligation d&rsquo;information pr\u00e9vue par l&rsquo;article 10 de la loi 34\/2002, du 11 juillet,sur les services de la soci\u00e9t\u00e9 de l&rsquo;information et le commerce \u00e9lectronique (LSSI-CE), nous vous informons que le site web: https:\/\/www.taxi-santasusanna.com est la propri\u00e9t\u00e9 de : Jordi Mollfulleda TresserrasNUM\u00c9RO DE TVA : 38836634FAdresse : Carrer Aquari, 7 [&hellip;]<\/p>\n","protected":false},"author":1,"featured_media":0,"parent":0,"menu_order":0,"comment_status":"closed","ping_status":"closed","template":"","meta":{"footnotes":""},"class_list":["post-1155","page","type-page","status-publish","hentry"],"_links":{"self":[{"href":"https:\/\/www.taxi-santasusanna.com\/fr\/wp-json\/wp\/v2\/pages\/1155","targetHints":{"allow":["GET"]}}],"collection":[{"href":"https:\/\/www.taxi-santasusanna.com\/fr\/wp-json\/wp\/v2\/pages"}],"about":[{"href":"https:\/\/www.taxi-santasusanna.com\/fr\/wp-json\/wp\/v2\/types\/page"}],"author":[{"embeddable":true,"href":"https:\/\/www.taxi-santasusanna.com\/fr\/wp-json\/wp\/v2\/users\/1"}],"replies":[{"embeddable":true,"href":"https:\/\/www.taxi-santasusanna.com\/fr\/wp-json\/wp\/v2\/comments?post=1155"}],"version-history":[{"count":0,"href":"https:\/\/www.taxi-santasusanna.com\/fr\/wp-json\/wp\/v2\/pages\/1155\/revisions"}],"wp:attachment":[{"href":"https:\/\/www.taxi-santasusanna.com\/fr\/wp-json\/wp\/v2\/media?parent=1155"}],"curies":[{"name":"wp","href":"https:\/\/api.w.org\/{rel}","templated":true}]}}