{"id":1365,"date":"2025-11-12T17:20:47","date_gmt":"2025-11-12T16:20:47","guid":{"rendered":"https:\/\/www.taxi-santasusanna.com\/politique-de-confidentialite\/"},"modified":"2026-02-23T16:14:16","modified_gmt":"2026-02-23T15:14:16","slug":"politique-de-confidentialite","status":"publish","type":"page","link":"https:\/\/www.taxi-santasusanna.com\/fr\/politique-de-confidentialite\/","title":{"rendered":"Politique de confidentialit\u00e9"},"content":{"rendered":"<style>.elementor-1365 .elementor-element.elementor-element-40c81c2{--display:flex;--flex-direction:row;--container-widget-width:calc( ( 1 - var( --container-widget-flex-grow ) ) * 100% );--container-widget-height:100%;--container-widget-flex-grow:1;--container-widget-align-self:stretch;--flex-wrap-mobile:wrap;--align-items:stretch;--gap:10px 10px;--row-gap:10px;--column-gap:10px;--padding-top:0em;--padding-bottom:0em;--padding-left:3em;--padding-right:3em;--z-index:0;}.elementor-1365 .elementor-element.elementor-element-631fa2a{--display:flex;--min-height:350px;--flex-direction:column;--container-widget-width:calc( ( 1 - var( --container-widget-flex-grow ) ) * 100% );--container-widget-height:initial;--container-widget-flex-grow:0;--container-widget-align-self:initial;--flex-wrap-mobile:wrap;--justify-content:center;--align-items:center;--overlay-opacity:0.4;--border-radius:24px 24px 24px 24px;--padding-top:3em;--padding-bottom:3em;--padding-left:3em;--padding-right:3em;--z-index:0;}.elementor-1365 .elementor-element.elementor-element-631fa2a:not(.elementor-motion-effects-element-type-background), .elementor-1365 .elementor-element.elementor-element-631fa2a > .elementor-motion-effects-container > .elementor-motion-effects-layer{background-color:var( --e-global-color-secondary );}.elementor-1365 .elementor-element.elementor-element-631fa2a::before, .elementor-1365 .elementor-element.elementor-element-631fa2a > .elementor-background-video-container::before, .elementor-1365 .elementor-element.elementor-element-631fa2a > .e-con-inner > .elementor-background-video-container::before, .elementor-1365 .elementor-element.elementor-element-631fa2a > .elementor-background-slideshow::before, .elementor-1365 .elementor-element.elementor-element-631fa2a > .e-con-inner > .elementor-background-slideshow::before, .elementor-1365 .elementor-element.elementor-element-631fa2a > .elementor-motion-effects-container > .elementor-motion-effects-layer::before{--background-overlay:'';background-color:#000000;}.elementor-1365 .elementor-element.elementor-element-90ba26d{--display:flex;--justify-content:center;--align-items:center;--container-widget-width:calc( ( 1 - var( --container-widget-flex-grow ) ) * 100% );--gap:1em 1em;--row-gap:1em;--column-gap:1em;}.elementor-1365 .elementor-element.elementor-element-4ebc57c{text-align:center;width:var( --container-widget-width, 800px );max-width:800px;--container-widget-width:800px;--container-widget-flex-grow:0;}.elementor-1365 .elementor-element.elementor-element-4ebc57c .elementor-heading-title{font-family:var( --e-global-typography-c7f22b7-font-family ), Sans-serif;font-size:var( --e-global-typography-c7f22b7-font-size );font-weight:var( --e-global-typography-c7f22b7-font-weight );line-height:var( --e-global-typography-c7f22b7-line-height );letter-spacing:var( --e-global-typography-c7f22b7-letter-spacing );word-spacing:var( --e-global-typography-c7f22b7-word-spacing );}.elementor-1365 .elementor-element.elementor-element-4ebc57c.elementor-widget-heading .elementor-heading-title, .elementor-1365 .elementor-element.elementor-element-4ebc57c.elementor-widget-heading .elementor-heading-title.elementor-heading-title a{color:var( --e-global-color-bc4180d );}.elementor-1365 .elementor-element.elementor-element-cf6e5b5{--display:flex;--flex-direction:column;--container-widget-width:calc( ( 1 - var( --container-widget-flex-grow ) ) * 100% );--container-widget-height:initial;--container-widget-flex-grow:0;--container-widget-align-self:initial;--flex-wrap-mobile:wrap;--align-items:stretch;--gap:1em 1em;--row-gap:1em;--column-gap:1em;--padding-top:3em;--padding-bottom:3em;--padding-left:3em;--padding-right:3em;}.elementor-1365 .elementor-element.elementor-element-9d3a699{--display:flex;}@media(max-width:1024px){.elementor-1365 .elementor-element.elementor-element-40c81c2{--padding-top:0em;--padding-bottom:0em;--padding-left:2em;--padding-right:2em;}.elementor-1365 .elementor-element.elementor-element-631fa2a{--min-height:280px;--border-radius:18px 18px 18px 18px;--padding-top:2em;--padding-bottom:2em;--padding-left:2em;--padding-right:2em;}.elementor-1365 .elementor-element.elementor-element-4ebc57c .elementor-heading-title{font-size:var( --e-global-typography-c7f22b7-font-size );line-height:var( --e-global-typography-c7f22b7-line-height );letter-spacing:var( --e-global-typography-c7f22b7-letter-spacing );word-spacing:var( --e-global-typography-c7f22b7-word-spacing );}.elementor-1365 .elementor-element.elementor-element-cf6e5b5{--padding-top:2em;--padding-bottom:2em;--padding-left:2em;--padding-right:2em;}}@media(max-width:767px){.elementor-1365 .elementor-element.elementor-element-40c81c2{--padding-top:0em;--padding-bottom:0em;--padding-left:1em;--padding-right:1em;}.elementor-1365 .elementor-element.elementor-element-631fa2a{--min-height:250px;--padding-top:1em;--padding-bottom:1em;--padding-left:1em;--padding-right:1em;}.elementor-1365 .elementor-element.elementor-element-90ba26d{--justify-content:center;}.elementor-1365 .elementor-element.elementor-element-4ebc57c .elementor-heading-title{font-size:var( --e-global-typography-c7f22b7-font-size );line-height:var( --e-global-typography-c7f22b7-line-height );letter-spacing:var( --e-global-typography-c7f22b7-letter-spacing );word-spacing:var( --e-global-typography-c7f22b7-word-spacing );}.elementor-1365 .elementor-element.elementor-element-cf6e5b5{--gap:2em 2em;--row-gap:2em;--column-gap:2em;--padding-top:2em;--padding-bottom:2em;--padding-left:1em;--padding-right:1em;}}@media(min-width:768px){.elementor-1365 .elementor-element.elementor-element-90ba26d{--width:60%;}.elementor-1365 .elementor-element.elementor-element-cf6e5b5{--content-width:1280px;}}@media(max-width:1024px) and (min-width:768px){.elementor-1365 .elementor-element.elementor-element-90ba26d{--width:100%;}.elementor-1365 .elementor-element.elementor-element-9d3a699{--width:100%;}}\/* Start custom CSS for text-editor, class: .elementor-element-f2f6433 *\/.elementor-1365 .elementor-element.elementor-element-f2f6433 h2 {\n    font-size: 24px;\n    margin-top: 30px;\n}\/* End custom CSS *\/<\/style>\t\t<div data-elementor-type=\"wp-page\" data-elementor-id=\"1365\" class=\"elementor elementor-1365 elementor-3\" data-elementor-post-type=\"page\">\n\t\t\t\t<div class=\"elementor-element elementor-element-40c81c2 e-con-full e-flex elementor-repeater-item-default_padding elementor-repeater-item-none elementor-repeater-item-none_hover e-con e-parent\" data-id=\"40c81c2\" data-element_type=\"container\" data-e-type=\"container\" data-settings=\"{&quot;ang_container_spacing_size&quot;:&quot;default_padding&quot;}\">\n\t\t<div class=\"elementor-element elementor-element-631fa2a e-con-full e-flex elementor-repeater-item-default_padding sk-none elementor-repeater-item-none elementor-repeater-item-none_hover e-con e-child\" data-id=\"631fa2a\" data-element_type=\"container\" data-e-type=\"container\" data-settings=\"{&quot;background_background&quot;:&quot;classic&quot;,&quot;ang_container_spacing_size&quot;:&quot;default_padding&quot;}\">\n\t\t<div class=\"elementor-element elementor-element-90ba26d e-con-full e-flex elementor-repeater-item-default_padding elementor-repeater-item-none elementor-repeater-item-none_hover e-con e-child\" data-id=\"90ba26d\" data-element_type=\"container\" data-e-type=\"container\" data-settings=\"{&quot;ang_container_spacing_size&quot;:&quot;default_padding&quot;}\">\n\t\t\t\t<div class=\"elementor-element elementor-element-4ebc57c elementor-widget__width-initial elementor-repeater-item-none elementor-repeater-item-none_hover elementor-widget elementor-widget-heading\" data-id=\"4ebc57c\" data-element_type=\"widget\" data-e-type=\"widget\" data-widget_type=\"heading.default\">\n\t\t\t\t\t<h1 class=\"elementor-heading-title elementor-size-default\">Politique de confidentialit\u00e9<\/h1>\t\t\t\t<\/div>\n\t\t\t\t<\/div>\n\t\t\t\t<\/div>\n\t\t\t\t<\/div>\n\t\t<div class=\"elementor-element elementor-element-cf6e5b5 e-flex e-con-boxed elementor-repeater-item-default_padding elementor-repeater-item-none elementor-repeater-item-none_hover e-con e-parent\" data-id=\"cf6e5b5\" data-element_type=\"container\" data-e-type=\"container\" data-settings=\"{&quot;ang_container_spacing_size&quot;:&quot;default_padding&quot;}\">\n\t\t\t\t\t<div class=\"e-con-inner\">\n\t\t<div class=\"elementor-element elementor-element-9d3a699 e-con-full e-flex elementor-repeater-item-default_padding elementor-repeater-item-none elementor-repeater-item-none_hover e-con e-child\" data-id=\"9d3a699\" data-element_type=\"container\" data-e-type=\"container\" data-settings=\"{&quot;ang_container_spacing_size&quot;:&quot;default_padding&quot;}\">\n\t\t\t\t<div class=\"elementor-element elementor-element-f2f6433 elementor-repeater-item-none elementor-repeater-item-none_hover elementor-widget elementor-widget-text-editor\" data-id=\"f2f6433\" data-element_type=\"widget\" data-e-type=\"widget\" data-widget_type=\"text-editor.default\">\n\t\t\t\t\t\t\t\t\t<p>Conform\u00e9ment aux dispositions du r\u00e8glement (UE) 2016\/679 (r\u00e8glement g\u00e9n\u00e9ral sur la protection des donn\u00e9es, RGPD) et de la loi organique 3\/2018 (LOPDGDD),<br>vous informe du traitement de vos donn\u00e9es personnelles lorsque vous utilisez ce site web.<\/p><h2>1. le responsable du traitement des donn\u00e9es<\/h2><p><strong>Coordination :<\/strong> Jordi Mollfulleda Tresserras<br><strong>NUM\u00c9RO DE TVA :<\/strong> 38836634F<br><strong>Adresse :<\/strong> Carrer Aquari, 7 &#8211; Urb. Can Torrent, 08398 Santa Susanna (Barcelona), Espagne <br><strong>Courriel :<\/strong> <a href=\"mailto:info@taxi-santasusanna.com\">info@taxi-santasusanna.com<\/a><br><strong>T\u00e9l\u00e9phone :<\/strong> +34 618 55 48 21<\/p><h2>2. Donn\u00e9es personnelles que nous traitons<\/h2><p>En fonction de votre utilisation du site web, nous pouvons traiter les cat\u00e9gories de donn\u00e9es suivantes :<\/p><ul><li><strong>Identification et coordonn\u00e9es :<\/strong> nom et pr\u00e9nom, courriel, t\u00e9l\u00e9phone.<\/li><li><strong>D\u00e9tails du service demand\u00e9 :<\/strong> origine\/prise en charge, destination, date et heure, nombre de passagers, bagages, remarques (par exemple, besoins en mati\u00e8re d&rsquo;accessibilit\u00e9).<\/li><li><strong>Donn\u00e9es de communication :<\/strong> messages envoy\u00e9s par le biais du formulaire ou par courrier \u00e9lectronique.<\/li><li><strong>Donn\u00e9es techniques :<\/strong> adresse IP, donn\u00e9es relatives au navigateur et \u00e0 la navigation (voir la politique en mati\u00e8re de cookies, le cas \u00e9ch\u00e9ant).<\/li><\/ul><h2>3. Finalit\u00e9s du traitement<\/h2><p>Nous traitons vos donn\u00e9es aux fins suivantes :<\/p><ul><li><strong>G\u00e9rer les demandes de r\u00e9servation et les devis<\/strong> pour les services de taxi et de transfert.<\/li><li><strong>Vous contacter<\/strong> pour confirmer la disponibilit\u00e9, les d\u00e9tails du service, le prix et les conditions.<\/li><li><strong>G\u00e9rer les communications<\/strong> relatives au service (changements, incidents ou informations n\u00e9cessaires pour assurer le transfert).<\/li><li><strong>Respecter les obligations l\u00e9gales<\/strong> applicables au titulaire.<\/li><\/ul><h2>4. Base juridique<\/h2><p>La base juridique du traitement de vos donn\u00e9es d\u00e9pend du cas :<\/p><ul><li><strong>Ex\u00e9cution d&rsquo;un contrat ou mesures pr\u00e9contractuelles<\/strong> (art. 6.1.b GDPR) : pour g\u00e9rer et traiter votre demande de r\u00e9servation ou votre devis.<\/li><li><strong>Consentement<\/strong> (art. 6.1.a RGPD) : lorsque vous nous envoyez volontairement des formulaires ou des communications, et pour les cookies non n\u00e9cessaires (le cas \u00e9ch\u00e9ant).<\/li><li><strong>Respect des obligations l\u00e9gales<\/strong> (art. 6.1.c GDPR) : obligations fiscales, comptables ou administratives le cas \u00e9ch\u00e9ant.<\/li><li><strong>Int\u00e9r\u00eat l\u00e9gitime<\/strong> (art. 6.1.f RGPD) : maintenir la s\u00e9curit\u00e9 du site web et pr\u00e9venir la fraude ou les abus.<\/li><\/ul><h2>5. combien de temps conservons-nous vos donn\u00e9es ?<\/h2><ul><li><strong>Demandes et r\u00e9servations :<\/strong> pendant le temps n\u00e9cessaire au traitement de la demande et, par la suite, pendant la p\u00e9riode n\u00e9cessaire pour faire face \u00e0 d&rsquo;\u00e9ventuelles responsabilit\u00e9s d\u00e9coulant du service.<\/li><li><strong>Obligations l\u00e9gales :<\/strong> pendant les p\u00e9riodes fix\u00e9es par les r\u00e9glementations fiscales\/comptables applicables, le cas \u00e9ch\u00e9ant.<\/li><li><strong>Communications :<\/strong> le temps n\u00e9cessaire pour traiter et cl\u00f4turer votre demande.<\/li><\/ul><h2>6. Destinataires des donn\u00e9es<\/h2><p>Nous ne divulguons pas vos donn\u00e9es \u00e0 des tiers, sauf si la loi nous y oblige ou si cela est n\u00e9cessaire pour fournir le service.<br>Dans certains cas, les donn\u00e9es \u00e0 caract\u00e8re personnel peuvent \u00eatre consult\u00e9es par des fournisseurs qui fournissent des services au responsable du traitement (par exemple, h\u00e9bergement, courrier \u00e9lectronique ou maintenance web),<br>agissant en tant que <strong>responsables du traitement des donn\u00e9es<\/strong> dans le cadre d&rsquo;un contrat et selon nos instructions.<\/p><h2>7. Transferts internationaux<\/h2><p>En g\u00e9n\u00e9ral, aucun transfert international de donn\u00e9es n&rsquo;est effectu\u00e9. Si un fournisseur de technologie effectue des transferts en dehors de l&rsquo;Espace \u00e9conomique europ\u00e9en,<br>veillera \u00e0 ce que des <strong>garanties ad\u00e9quates<\/strong> soient mises en place conform\u00e9ment au GDPR (par exemple, des clauses contractuelles types). <\/p><h2>8. Droits des utilisateurs<\/h2><p>Vous pouvez exercer les droits suivants :<\/p><ul><li><strong>Acc\u00e8s \u00e0<\/strong> vos donn\u00e9es personnelles.<\/li><li><strong>Rectification des<\/strong> donn\u00e9es inexactes.<\/li><li><strong>Effacement<\/strong> (droit \u00e0 l&rsquo;oubli), le cas \u00e9ch\u00e9ant.<\/li><li><strong>Limitation du<\/strong> traitement dans certains cas.<\/li><li><strong>Opposition<\/strong> au traitement, le cas \u00e9ch\u00e9ant.<\/li><li><strong>Portabilit\u00e9 de<\/strong> vos donn\u00e9es vers un autre responsable du traitement.<\/li><li><strong>Retirer votre consentement \u00e0<\/strong> tout moment, lorsque le traitement est fond\u00e9 sur votre consentement.<\/li><\/ul><p>Pour exercer ces droits, veuillez envoyer une demande \u00e0 :<br><a href=\"mailto:info@taxi-santasusanna.com\">info@taxi-santasusanna.com,<\/a><br>en indiquant le droit que vous souhaitez exercer et en fournissant des informations suffisantes pour vous identifier.<\/p><p>Si vous estimez que vos droits n&rsquo;ont pas \u00e9t\u00e9 correctement pris en compte, vous pouvez d\u00e9poser une plainte aupr\u00e8s de l&rsquo;<strong>Agence espagnole de protection des donn\u00e9es (AEPD) (<\/strong><br><strong>)<\/strong>.<\/p><h2>9. Mesures de s\u00e9curit\u00e9<\/h2><p>Le responsable du traitement met en \u0153uvre des mesures techniques et organisationnelles raisonnables pour prot\u00e9ger les donn\u00e9es \u00e0 caract\u00e8re personnel contre la perte, l&rsquo;utilisation abusive, l&rsquo;acc\u00e8s non autoris\u00e9, la divulgation ou l&rsquo;alt\u00e9ration (<br>). Toutefois, aucun syst\u00e8me n&rsquo;est totalement s\u00fbr et nous ne pouvons pas garantir la s\u00e9curit\u00e9 absolue des informations. <\/p><h2>10. Donn\u00e9es sur les mineurs<\/h2><p>Ce site web n&rsquo;est pas destin\u00e9 aux enfants de moins de 14 ans. Si vous \u00eates \u00e2g\u00e9 de moins de 14 ans, veuillez ne pas soumettre de donn\u00e9es personnelles par l&rsquo;interm\u00e9diaire de ce site web. <\/p><h2>11. Modifications de la politique de confidentialit\u00e9<\/h2><p>La pr\u00e9sente politique de confidentialit\u00e9 peut \u00eatre mise \u00e0 jour pour refl\u00e9ter des changements juridiques ou techniques. Nous vous encourageons \u00e0 la consulter r\u00e9guli\u00e8rement. <\/p>\t\t\t\t\t\t\t\t<\/div>\n\t\t\t\t<\/div>\n\t\t\t\t\t<\/div>\n\t\t\t\t<\/div>\n\t\t\t\t<\/div>\n\t\t","protected":false},"excerpt":{"rendered":"<p>Conform\u00e9ment aux dispositions du r\u00e8glement (UE) 2016\/679 (r\u00e8glement g\u00e9n\u00e9ral sur la protection des donn\u00e9es, RGPD) et de la loi organique 3\/2018 (LOPDGDD),vous informe du traitement de vos donn\u00e9es personnelles lorsque vous utilisez ce site web. 1. le responsable du traitement des donn\u00e9es Coordination : Jordi Mollfulleda TresserrasNUM\u00c9RO DE TVA : 38836634FAdresse : Carrer Aquari, 7 [&hellip;]<\/p>\n","protected":false},"author":1,"featured_media":0,"parent":0,"menu_order":0,"comment_status":"closed","ping_status":"closed","template":"","meta":{"footnotes":""},"class_list":["post-1365","page","type-page","status-publish","hentry"],"_links":{"self":[{"href":"https:\/\/www.taxi-santasusanna.com\/fr\/wp-json\/wp\/v2\/pages\/1365","targetHints":{"allow":["GET"]}}],"collection":[{"href":"https:\/\/www.taxi-santasusanna.com\/fr\/wp-json\/wp\/v2\/pages"}],"about":[{"href":"https:\/\/www.taxi-santasusanna.com\/fr\/wp-json\/wp\/v2\/types\/page"}],"author":[{"embeddable":true,"href":"https:\/\/www.taxi-santasusanna.com\/fr\/wp-json\/wp\/v2\/users\/1"}],"replies":[{"embeddable":true,"href":"https:\/\/www.taxi-santasusanna.com\/fr\/wp-json\/wp\/v2\/comments?post=1365"}],"version-history":[{"count":0,"href":"https:\/\/www.taxi-santasusanna.com\/fr\/wp-json\/wp\/v2\/pages\/1365\/revisions"}],"wp:attachment":[{"href":"https:\/\/www.taxi-santasusanna.com\/fr\/wp-json\/wp\/v2\/media?parent=1365"}],"curies":[{"name":"wp","href":"https:\/\/api.w.org\/{rel}","templated":true}]}}